{"id":1176,"date":"2023-07-17T05:36:28","date_gmt":"2023-07-17T05:36:28","guid":{"rendered":"https:\/\/aincomex.com\/?page_id=1176"},"modified":"2023-07-21T15:27:59","modified_gmt":"2023-07-21T15:27:59","slug":"consultoria","status":"publish","type":"page","link":"https:\/\/aincomex.com\/index.php\/consultoria\/","title":{"rendered":"Consultor\u00eda"},"content":{"rendered":"\t\t<div data-elementor-type=\"wp-page\" data-elementor-id=\"1176\" class=\"elementor elementor-1176\">\n\t\t\t\t\t\t\t\t\t<section class=\"elementor-section elementor-top-section elementor-element elementor-element-65e982f elementor-section-full_width elementor-section-height-default elementor-section-height-default\" data-id=\"65e982f\" data-element_type=\"section\">\n\t\t\t\t\t\t<div class=\"elementor-container elementor-column-gap-default\">\n\t\t\t\t\t<div class=\"elementor-column elementor-col-100 elementor-top-column elementor-element elementor-element-ad0f292\" data-id=\"ad0f292\" data-element_type=\"column\">\n\t\t\t<div class=\"elementor-widget-wrap elementor-element-populated\">\n\t\t\t\t\t\t\t\t<div class=\"elementor-element elementor-element-cb7b69e elementor-align-center elementor-widget elementor-widget-bdevs-banner\" data-id=\"cb7b69e\" data-element_type=\"widget\" data-widget_type=\"bdevs-banner.default\">\n\t\t\t\t<div class=\"elementor-widget-container\">\n\t\t\t\t\t<!-- breadcrumb-area-start -->\r\n        <div class=\"breadcrumb-area pt-230 pb-240\" style=\"background-image:url(https:\/\/aincomex.com\/wp-content\/uploads\/2023\/07\/dos-jovenes-empresarios-trabajando-equipo-portatil-oficina-moderna-empresarios-barba-hipster-efecto-pelicula-destello-lente.png)\">\r\n            <div class=\"container\">\r\n                <div class=\"row\">\r\n                    <div class=\"col-xl-12\">\r\n                        <div class=\"breadcrumb-text text-center\">\r\n                            <h1>CONSULTOR\u00cdA<\/h1>\r\n                                                        <ul class=\"breadcrumb-menu\">\r\n                                <li><a href=\"https:\/\/aincomex.com\/\">INTEGRAL<\/a><\/li>\r\n                                <li><span>A  LA MEDIDA DE TU PROYECTO<\/span><\/li>\r\n                            <\/ul>\r\n                                                    <\/div>\r\n                    <\/div>\r\n                <\/div>\r\n            <\/div>\r\n        <\/div>\r\n        <!-- breadcrumb-area-end -->\r\n\t\t\t<\/div>\n\t\t\t\t<\/div>\n\t\t\t\t\t<\/div>\n\t\t<\/div>\n\t\t\t\t\t\t\t<\/div>\n\t\t<\/section>\n\t\t\t\t<section class=\"elementor-section elementor-top-section elementor-element elementor-element-e967884 elementor-section-boxed elementor-section-height-default elementor-section-height-default\" data-id=\"e967884\" data-element_type=\"section\">\n\t\t\t\t\t\t<div class=\"elementor-container elementor-column-gap-default\">\n\t\t\t\t\t<div class=\"elementor-column elementor-col-100 elementor-top-column elementor-element elementor-element-4e0cbb8\" data-id=\"4e0cbb8\" data-element_type=\"column\">\n\t\t\t<div class=\"elementor-widget-wrap elementor-element-populated\">\n\t\t\t\t\t\t\t\t<div class=\"elementor-element elementor-element-a06e151 elementor-align-left elementor-widget elementor-widget-bdevs-faq\" data-id=\"a06e151\" data-element_type=\"widget\" data-widget_type=\"bdevs-faq.default\">\n\t\t\t\t<div class=\"elementor-widget-container\">\n\t\t\t\t\t\t\t<!-- faq-area-start -->\r\n        <div class=\"faq-area pt-130 pb-100\">\r\n            <div class=\"container\">\r\n                <div class=\"row\">\r\n                    <div class=\"col-xl-6 col-lg-6 mb-30\">\r\n                        <div class=\"faq-wrapper\">\r\n                            <div class=\"skills-02-wrapper mb-30\">\r\n                                <div class=\"section-title pos-rel \">\r\n                                \t\t                                <h1>Consultor\u00eda<\/h1>\r\n\t                            \t\t                            \t\t                                <span class=\"line\">Consultor\u00eda<\/span>\r\n\t                                \t                                \t                                <h2>Para comercio exterior<\/h2>\r\n\t                                                                <\/div>\r\n                            <\/div>\r\n                            <div class=\"faq-box\">\r\n                                <div id=\"accordion\">\r\n                                \t\t\t\t\t\t\t\t\t\t                                    <div class=\"card\">\r\n                                        <div class=\"card-header\" id=\"heading\">\r\n                                            <h5 class=\"mb-0\">\r\n                                                <a href=\"#\" class=\"btn-link\" data-toggle=\"collapse\" data-target=\"#collapse\"\r\n                                                    aria-expanded=\"false\" aria-controls=\"collapse\">Nunca he importado ni exportado, \u00bfQu\u00e9 necesito saber?\n <\/a>\r\n                                            <\/h5>\r\n                                        <\/div>\r\n                                        <div class=\"collapse show\" id=\"collapse\" aria-labelledby=\"heading\"\r\n                                            data-parent=\"#accordion\">\r\n                                            <div class=\"card-body\">\r\n                                                <p>Te damos un panorama completo y un costeo real de tu proyecto y todo lo que tienes que saber del comercio exterior en M\u00e9xico para iniciar tu importaci\u00f3n o exportaci\u00f3n. \nRevisamos a detalle tu proyecto y te damos un an\u00e1lisis exhaustivo de todo lo que hay que cumplir en tu importaci\u00f3n o exportaci\u00f3n (incluyendo las letras chiquitas) de forma muy precisa y con informaci\u00f3n 100% real de tu importaci\u00f3n o exportaci\u00f3n. Sin letras chiquitas ni gastos ocultos. Todo lo que tienes que contemplar para tu importaci\u00f3n o exportaci\u00f3n. \n<\/p>\r\n                                            <\/div>\r\n                                        <\/div>\r\n                                    <\/div>\r\n                                \t\t\t\t\t\t\t\t\t\t                                <\/div>\r\n                            <\/div>\r\n                        <\/div>\r\n                    <\/div>\r\n                    <div class=\"col-xl-6 col-lg-6 mb-30\">\r\n                        <div class=\"faq-img\">\r\n                            <img decoding=\"async\" src=\"https:\/\/aincomex.com\/wp-content\/uploads\/2023\/07\/hombre-negocios-tocando-icono-rojo-conectado-scaled.jpg\" alt=\"\">\r\n                        <\/div>\r\n                    <\/div>\r\n                <\/div>\r\n            <\/div>\r\n        <\/div>\r\n        <!-- faq-area-end -->\r\n\t\t\t\t\t<\/div>\n\t\t\t\t<\/div>\n\t\t\t\t\t<\/div>\n\t\t<\/div>\n\t\t\t\t\t\t\t<\/div>\n\t\t<\/section>\n\t\t\t\t<section class=\"elementor-section elementor-top-section elementor-element elementor-element-f567dcf elementor-section-boxed elementor-section-height-default elementor-section-height-default\" data-id=\"f567dcf\" data-element_type=\"section\">\n\t\t\t\t\t\t<div class=\"elementor-container elementor-column-gap-default\">\n\t\t\t\t\t<div class=\"elementor-column elementor-col-100 elementor-top-column elementor-element elementor-element-110022c\" data-id=\"110022c\" data-element_type=\"column\">\n\t\t\t<div class=\"elementor-widget-wrap elementor-element-populated\">\n\t\t\t\t\t\t\t\t<div class=\"elementor-element elementor-element-af7a566 elementor-widget elementor-widget-accordion\" data-id=\"af7a566\" data-element_type=\"widget\" data-widget_type=\"accordion.default\">\n\t\t\t\t<div class=\"elementor-widget-container\">\n\t\t\t<style>\/*! elementor - v3.14.0 - 26-06-2023 *\/\n.elementor-accordion{text-align:left}.elementor-accordion .elementor-accordion-item{border:1px solid #d5d8dc}.elementor-accordion .elementor-accordion-item+.elementor-accordion-item{border-top:none}.elementor-accordion .elementor-tab-title{margin:0;padding:15px 20px;font-weight:700;line-height:1;cursor:pointer;outline:none}.elementor-accordion .elementor-tab-title .elementor-accordion-icon{display:inline-block;width:1.5em}.elementor-accordion .elementor-tab-title .elementor-accordion-icon svg{width:1em;height:1em}.elementor-accordion .elementor-tab-title .elementor-accordion-icon.elementor-accordion-icon-right{float:right;text-align:right}.elementor-accordion .elementor-tab-title .elementor-accordion-icon.elementor-accordion-icon-left{float:left;text-align:left}.elementor-accordion .elementor-tab-title .elementor-accordion-icon .elementor-accordion-icon-closed{display:block}.elementor-accordion .elementor-tab-title .elementor-accordion-icon .elementor-accordion-icon-opened,.elementor-accordion .elementor-tab-title.elementor-active .elementor-accordion-icon-closed{display:none}.elementor-accordion .elementor-tab-title.elementor-active .elementor-accordion-icon-opened{display:block}.elementor-accordion .elementor-tab-content{display:none;padding:15px 20px;border-top:1px solid #d5d8dc}@media (max-width:767px){.elementor-accordion .elementor-tab-title{padding:12px 15px}.elementor-accordion .elementor-tab-title .elementor-accordion-icon{width:1.2em}.elementor-accordion .elementor-tab-content{padding:7px 15px}}.e-con-inner>.elementor-widget-accordion,.e-con>.elementor-widget-accordion{width:var(--container-widget-width);--flex-grow:var(--container-widget-flex-grow)}<\/style>\t\t<div class=\"elementor-accordion\">\n\t\t\t\t\t\t\t<div class=\"elementor-accordion-item\">\n\t\t\t\t\t<div id=\"elementor-tab-title-1841\" class=\"elementor-tab-title\" data-tab=\"1\" role=\"button\" aria-controls=\"elementor-tab-content-1841\" aria-expanded=\"false\">\n\t\t\t\t\t\t\t\t\t\t\t\t\t<span class=\"elementor-accordion-icon elementor-accordion-icon-left\" aria-hidden=\"true\">\n\t\t\t\t\t\t\t\t\t\t\t\t\t\t\t<span class=\"elementor-accordion-icon-closed\"><i class=\"fas fa-plus\"><\/i><\/span>\n\t\t\t\t\t\t\t\t<span class=\"elementor-accordion-icon-opened\"><i class=\"fas fa-minus\"><\/i><\/span>\n\t\t\t\t\t\t\t\t\t\t\t\t\t\t<\/span>\n\t\t\t\t\t\t\t\t\t\t\t\t<a class=\"elementor-accordion-title\" tabindex=\"0\">\u00bfQu\u00e9 incluye?<\/a>\n\t\t\t\t\t<\/div>\n\t\t\t\t\t<div id=\"elementor-tab-content-1841\" class=\"elementor-tab-content elementor-clearfix\" data-tab=\"1\" role=\"region\" aria-labelledby=\"elementor-tab-title-1841\"><p><span style=\"font-weight: 400;\">&#8211; Rese\u00f1a general del comercio exterior en M\u00e9xico<\/span><\/p><p><span style=\"font-weight: 400;\">&#8211; Macroindicadores y tratados comerciales<\/span><\/p><p><span style=\"font-weight: 400;\">&#8211; Posibles Incoterms (International Commercial Terms) a utilizar y sus alcances<\/span><\/p><p><span style=\"font-weight: 400;\">&#8211; Padrones generales y sectoriales en M\u00e9xico<\/span><\/p><p><span style=\"font-weight: 400;\">&#8211; Incoterm\u00a0<\/span><\/p><p><span style=\"font-weight: 400;\">&#8211; Determinaci\u00f3n de valor en aduana<\/span><\/p><p><span style=\"font-weight: 400;\">&#8211; Pre determinaci\u00f3n de fracci\u00f3n arancelaria (a reserva de confirmaci\u00f3n de la misma al momento de la operaci\u00f3n)<\/span><\/p><p><span style=\"font-weight: 400;\">&#8211; Restricciones y regulaciones arancelarias y no arancelarias (y c\u00f3mo cumplirlas) de la mercanc\u00eda de tu proyecto<\/span><\/p><p><span style=\"font-weight: 400;\">&#8211; Impuestos<\/span><\/p><p><span style=\"font-weight: 400;\">&#8211; Gastos diversos<\/span><\/p><p><span style=\"font-weight: 400;\">&#8211; Gastos aduanales<\/span><\/p><p><span style=\"font-weight: 400;\">&#8211; Tiempos del proceso<\/span><\/p><p><span style=\"font-weight: 400;\">&#8211; Sesi\u00f3n de preguntas y respuestas<\/span><\/p><\/div>\n\t\t\t\t<\/div>\n\t\t\t\t\t\t\t\t<\/div>\n\t\t\t\t<\/div>\n\t\t\t\t<\/div>\n\t\t\t\t<div class=\"elementor-element elementor-element-1f922f0 elementor-widget elementor-widget-image\" data-id=\"1f922f0\" data-element_type=\"widget\" data-widget_type=\"image.default\">\n\t\t\t\t<div class=\"elementor-widget-container\">\n\t\t\t<style>\/*! elementor - v3.14.0 - 26-06-2023 *\/\n.elementor-widget-image{text-align:center}.elementor-widget-image a{display:inline-block}.elementor-widget-image a img[src$=\".svg\"]{width:48px}.elementor-widget-image img{vertical-align:middle;display:inline-block}<\/style>\t\t\t\t\t\t\t\t\t\t\t\t<img decoding=\"async\" width=\"900\" height=\"239\" src=\"https:\/\/aincomex.com\/wp-content\/uploads\/2023\/07\/logo-3-1024x272.png\" class=\"attachment-large size-large wp-image-1101\" alt=\"\" loading=\"lazy\" srcset=\"https:\/\/aincomex.com\/wp-content\/uploads\/2023\/07\/logo-3-1024x272.png 1024w, https:\/\/aincomex.com\/wp-content\/uploads\/2023\/07\/logo-3-300x80.png 300w, https:\/\/aincomex.com\/wp-content\/uploads\/2023\/07\/logo-3-768x204.png 768w, https:\/\/aincomex.com\/wp-content\/uploads\/2023\/07\/logo-3-1536x408.png 1536w, https:\/\/aincomex.com\/wp-content\/uploads\/2023\/07\/logo-3-2048x544.png 2048w\" sizes=\"(max-width: 900px) 100vw, 900px\" \/>\t\t\t\t\t\t\t\t\t\t\t\t\t\t\t<\/div>\n\t\t\t\t<\/div>\n\t\t\t\t\t<\/div>\n\t\t<\/div>\n\t\t\t\t\t\t\t<\/div>\n\t\t<\/section>\n\t\t\t\t\t\t\t<\/div>\n\t\t","protected":false},"excerpt":{"rendered":"<p>CONSULTOR\u00cdA INTEGRAL A LA MEDIDA DE TU PROYECTO Consultor\u00eda Consultor\u00eda Para comercio exterior Nunca he importado ni exportado, \u00bfQu\u00e9 necesito saber? Te damos un panorama completo y un costeo real de tu proyecto y todo lo que tienes que saber del comercio exterior en M\u00e9xico para iniciar tu importaci\u00f3n o exportaci\u00f3n. Revisamos a detalle tu [&hellip;]<\/p>\n","protected":false},"author":1,"featured_media":0,"parent":0,"menu_order":0,"comment_status":"closed","ping_status":"closed","template":"page-templates\/home-1.php","meta":{"om_disable_all_campaigns":false,"_mi_skip_tracking":false,"_monsterinsights_sitenote_active":false,"_monsterinsights_sitenote_note":"","_monsterinsights_sitenote_category":0,"_joinchat":[]},"aioseo_notices":[],"_links":{"self":[{"href":"https:\/\/aincomex.com\/index.php\/wp-json\/wp\/v2\/pages\/1176"}],"collection":[{"href":"https:\/\/aincomex.com\/index.php\/wp-json\/wp\/v2\/pages"}],"about":[{"href":"https:\/\/aincomex.com\/index.php\/wp-json\/wp\/v2\/types\/page"}],"author":[{"embeddable":true,"href":"https:\/\/aincomex.com\/index.php\/wp-json\/wp\/v2\/users\/1"}],"replies":[{"embeddable":true,"href":"https:\/\/aincomex.com\/index.php\/wp-json\/wp\/v2\/comments?post=1176"}],"version-history":[{"count":15,"href":"https:\/\/aincomex.com\/index.php\/wp-json\/wp\/v2\/pages\/1176\/revisions"}],"predecessor-version":[{"id":1265,"href":"https:\/\/aincomex.com\/index.php\/wp-json\/wp\/v2\/pages\/1176\/revisions\/1265"}],"wp:attachment":[{"href":"https:\/\/aincomex.com\/index.php\/wp-json\/wp\/v2\/media?parent=1176"}],"curies":[{"name":"wp","href":"https:\/\/api.w.org\/{rel}","templated":true}]}}