{"id":917,"date":"2023-07-12T06:02:26","date_gmt":"2023-07-12T06:02:26","guid":{"rendered":"https:\/\/aincomex.com\/?page_id=917"},"modified":"2025-10-31T19:50:04","modified_gmt":"2025-10-31T19:50:04","slug":"inicio","status":"publish","type":"page","link":"https:\/\/aincomex.com\/","title":{"rendered":"Inicio"},"content":{"rendered":"\t\t<div data-elementor-type=\"wp-page\" data-elementor-id=\"917\" class=\"elementor elementor-917\">\n\t\t\t\t\t\t\t\t\t<section class=\"elementor-section elementor-top-section elementor-element elementor-element-7fc36516 elementor-section-full_width elementor-section-height-default elementor-section-height-default\" data-id=\"7fc36516\" data-element_type=\"section\">\n\t\t\t\t\t\t<div class=\"elementor-container elementor-column-gap-no\">\n\t\t\t\t\t<div class=\"elementor-column elementor-col-100 elementor-top-column elementor-element elementor-element-740b45c\" data-id=\"740b45c\" data-element_type=\"column\">\n\t\t\t<div class=\"elementor-widget-wrap elementor-element-populated\">\n\t\t\t\t\t\t\t\t<div class=\"elementor-element elementor-element-41b7b192 elementor-align-left elementor-invisible elementor-widget elementor-widget-bdevs-slider\" data-id=\"41b7b192\" data-element_type=\"widget\" data-settings=\"{&quot;_animation&quot;:&quot;fadeIn&quot;}\" data-widget_type=\"bdevs-slider.default\">\n\t\t\t\t<div class=\"elementor-widget-container\">\n\t\t\t\t\t       \t<!-- slider-start -->\r\n        <div class=\"slider-area\">\r\n            <div class=\"single-slider slider-02-height\" style=\"background-image:url(https:\/\/aincomex.com\/wp-content\/uploads\/2023\/07\/1inicio-3-scaled-e1761940191257.jpg)\">\r\n                <div class=\"container\">\r\n                    <div class=\"row slider-03-space\">\r\n                        <div class=\"col-xl-8 col-lg-8\">\r\n                            <div class=\"slider-text\">\r\n                                <h2>Conoce el ABECE del comercio exterior mexicano<\/h2>\r\n                                <div class=\"slider-button\">\r\n                                \t                                    <a class=\"btn\" href=\"https:\/\/aincomex.com\/index.php\/nosotros\/\">ACERCA DE NOSOTROS <i class=\"far fa-paper-plane\"><\/i><\/a>\r\n                                                                                                            <a class=\"border-btn\" href=\"https:\/\/aincomex.com\/index.php\/servicios\/\">SERVICIOS <i class=\"far fa-paper-plane\"><\/i><\/a>\r\n                                                                    <\/div>\r\n                            <\/div>\r\n                        <\/div>\r\n                                            <\/div>\r\n                <\/div>\r\n            <\/div>\r\n       <\/div>\r\n       <!-- slider-start -->\r\n   \t\t\t\t\t<\/div>\n\t\t\t\t<\/div>\n\t\t\t\t\t<\/div>\n\t\t<\/div>\n\t\t\t\t\t\t\t<\/div>\n\t\t<\/section>\n\t\t\t\t<section class=\"elementor-section elementor-top-section elementor-element elementor-element-c1c4805 elementor-section-boxed elementor-section-height-default elementor-section-height-default\" data-id=\"c1c4805\" data-element_type=\"section\" data-settings=\"{&quot;background_background&quot;:&quot;slideshow&quot;,&quot;background_slideshow_gallery&quot;:[{&quot;id&quot;:1053,&quot;url&quot;:&quot;http:\\\/\\\/aincomex.com\\\/wp-content\\\/uploads\\\/2023\\\/07\\\/ilustracion-3d-mapa-mundo-negro-e1689410483333.png&quot;}],&quot;background_slideshow_loop&quot;:&quot;yes&quot;,&quot;background_slideshow_slide_duration&quot;:5000,&quot;background_slideshow_slide_transition&quot;:&quot;fade&quot;,&quot;background_slideshow_transition_duration&quot;:500}\">\n\t\t\t\t\t\t<div class=\"elementor-container elementor-column-gap-default\">\n\t\t\t\t\t<div class=\"elementor-column elementor-col-100 elementor-top-column elementor-element elementor-element-9cb3254\" data-id=\"9cb3254\" data-element_type=\"column\">\n\t\t\t<div class=\"elementor-widget-wrap elementor-element-populated\">\n\t\t\t\t\t\t\t\t<section class=\"elementor-section elementor-inner-section elementor-element elementor-element-bfb91dd elementor-section-boxed elementor-section-height-default elementor-section-height-default\" data-id=\"bfb91dd\" data-element_type=\"section\">\n\t\t\t\t\t\t<div class=\"elementor-container elementor-column-gap-default\">\n\t\t\t\t\t<div class=\"elementor-column elementor-col-50 elementor-inner-column elementor-element elementor-element-8f1556c\" data-id=\"8f1556c\" data-element_type=\"column\">\n\t\t\t<div class=\"elementor-widget-wrap elementor-element-populated\">\n\t\t\t\t\t\t\t\t<div class=\"elementor-element elementor-element-60c8b88 elementor-widget elementor-widget-image\" data-id=\"60c8b88\" data-element_type=\"widget\" data-widget_type=\"image.default\">\n\t\t\t\t<div class=\"elementor-widget-container\">\n\t\t\t<style>\/*! elementor - v3.14.0 - 26-06-2023 *\/\n.elementor-widget-image{text-align:center}.elementor-widget-image a{display:inline-block}.elementor-widget-image a img[src$=\".svg\"]{width:48px}.elementor-widget-image img{vertical-align:middle;display:inline-block}<\/style>\t\t\t\t\t\t\t\t\t\t\t\t<img decoding=\"async\" width=\"150\" height=\"150\" src=\"https:\/\/aincomex.com\/wp-content\/uploads\/2023\/07\/2-aseguramiento-carga-e1689562866498-150x150.png\" class=\"attachment-thumbnail size-thumbnail wp-image-1023\" alt=\"\" loading=\"lazy\" srcset=\"https:\/\/aincomex.com\/wp-content\/uploads\/2023\/07\/2-aseguramiento-carga-e1689562866498-150x150.png 150w, https:\/\/aincomex.com\/wp-content\/uploads\/2023\/07\/2-aseguramiento-carga-e1689562866498.png 200w\" sizes=\"(max-width: 150px) 100vw, 150px\" \/>\t\t\t\t\t\t\t\t\t\t\t\t\t\t\t<\/div>\n\t\t\t\t<\/div>\n\t\t\t\t<div class=\"elementor-element elementor-element-d46b3f3 elementor-widget elementor-widget-spacer\" data-id=\"d46b3f3\" data-element_type=\"widget\" data-widget_type=\"spacer.default\">\n\t\t\t\t<div class=\"elementor-widget-container\">\n\t\t\t<style>\/*! elementor - v3.14.0 - 26-06-2023 *\/\n.elementor-column .elementor-spacer-inner{height:var(--spacer-size)}.e-con{--container-widget-width:100%}.e-con-inner>.elementor-widget-spacer,.e-con>.elementor-widget-spacer{width:var(--container-widget-width,var(--spacer-size));--align-self:var(--container-widget-align-self,initial);--flex-shrink:0}.e-con-inner>.elementor-widget-spacer>.elementor-widget-container,.e-con-inner>.elementor-widget-spacer>.elementor-widget-container>.elementor-spacer,.e-con>.elementor-widget-spacer>.elementor-widget-container,.e-con>.elementor-widget-spacer>.elementor-widget-container>.elementor-spacer{height:100%}.e-con-inner>.elementor-widget-spacer>.elementor-widget-container>.elementor-spacer>.elementor-spacer-inner,.e-con>.elementor-widget-spacer>.elementor-widget-container>.elementor-spacer>.elementor-spacer-inner{height:var(--container-widget-height,var(--spacer-size))}<\/style>\t\t<div class=\"elementor-spacer\">\n\t\t\t<div class=\"elementor-spacer-inner\"><\/div>\n\t\t<\/div>\n\t\t\t\t<\/div>\n\t\t\t\t<\/div>\n\t\t\t\t<div class=\"elementor-element elementor-element-1aa4be3 elementor-widget__width-initial elementor-invisible elementor-widget elementor-widget-heading\" data-id=\"1aa4be3\" data-element_type=\"widget\" data-settings=\"{&quot;_animation&quot;:&quot;fadeInDown&quot;}\" data-widget_type=\"heading.default\">\n\t\t\t\t<div class=\"elementor-widget-container\">\n\t\t\t<style>\/*! elementor - v3.14.0 - 26-06-2023 *\/\n.elementor-heading-title{padding:0;margin:0;line-height:1}.elementor-widget-heading .elementor-heading-title[class*=elementor-size-]>a{color:inherit;font-size:inherit;line-height:inherit}.elementor-widget-heading .elementor-heading-title.elementor-size-small{font-size:15px}.elementor-widget-heading .elementor-heading-title.elementor-size-medium{font-size:19px}.elementor-widget-heading .elementor-heading-title.elementor-size-large{font-size:29px}.elementor-widget-heading .elementor-heading-title.elementor-size-xl{font-size:39px}.elementor-widget-heading .elementor-heading-title.elementor-size-xxl{font-size:59px}<\/style><h2 class=\"elementor-heading-title elementor-size-default\">Somos especialistas en toda la tramitolog\u00eda del comercio exterior<\/h2>\t\t<\/div>\n\t\t\t\t<\/div>\n\t\t\t\t<div class=\"elementor-element elementor-element-a842f65 elementor-widget elementor-widget-spacer\" data-id=\"a842f65\" data-element_type=\"widget\" data-widget_type=\"spacer.default\">\n\t\t\t\t<div class=\"elementor-widget-container\">\n\t\t\t\t\t<div class=\"elementor-spacer\">\n\t\t\t<div class=\"elementor-spacer-inner\"><\/div>\n\t\t<\/div>\n\t\t\t\t<\/div>\n\t\t\t\t<\/div>\n\t\t\t\t\t<\/div>\n\t\t<\/div>\n\t\t\t\t<div class=\"elementor-column elementor-col-50 elementor-inner-column elementor-element elementor-element-abb72fd\" data-id=\"abb72fd\" data-element_type=\"column\">\n\t\t\t<div class=\"elementor-widget-wrap elementor-element-populated\">\n\t\t\t\t\t\t\t\t<div class=\"elementor-element elementor-element-3001a45 elementor-widget elementor-widget-image\" data-id=\"3001a45\" data-element_type=\"widget\" data-widget_type=\"image.default\">\n\t\t\t\t<div class=\"elementor-widget-container\">\n\t\t\t\t\t\t\t\t\t\t\t\t\t\t\t<img decoding=\"async\" width=\"150\" height=\"150\" src=\"https:\/\/aincomex.com\/wp-content\/uploads\/2023\/07\/1-logistica-1-150x150.png\" class=\"attachment-thumbnail size-thumbnail wp-image-1051\" alt=\"\" loading=\"lazy\" srcset=\"https:\/\/aincomex.com\/wp-content\/uploads\/2023\/07\/1-logistica-1-150x150.png 150w, https:\/\/aincomex.com\/wp-content\/uploads\/2023\/07\/1-logistica-1-300x300.png 300w, https:\/\/aincomex.com\/wp-content\/uploads\/2023\/07\/1-logistica-1-1024x1024.png 1024w, https:\/\/aincomex.com\/wp-content\/uploads\/2023\/07\/1-logistica-1-768x768.png 768w, https:\/\/aincomex.com\/wp-content\/uploads\/2023\/07\/1-logistica-1-1536x1536.png 1536w, https:\/\/aincomex.com\/wp-content\/uploads\/2023\/07\/1-logistica-1-2048x2048.png 2048w\" sizes=\"(max-width: 150px) 100vw, 150px\" \/>\t\t\t\t\t\t\t\t\t\t\t\t\t\t\t<\/div>\n\t\t\t\t<\/div>\n\t\t\t\t<div class=\"elementor-element elementor-element-d3cd62c elementor-widget elementor-widget-spacer\" data-id=\"d3cd62c\" data-element_type=\"widget\" data-widget_type=\"spacer.default\">\n\t\t\t\t<div class=\"elementor-widget-container\">\n\t\t\t\t\t<div class=\"elementor-spacer\">\n\t\t\t<div class=\"elementor-spacer-inner\"><\/div>\n\t\t<\/div>\n\t\t\t\t<\/div>\n\t\t\t\t<\/div>\n\t\t\t\t<div class=\"elementor-element elementor-element-0035bee elementor-invisible elementor-widget elementor-widget-heading\" data-id=\"0035bee\" data-element_type=\"widget\" data-settings=\"{&quot;_animation&quot;:&quot;fadeInDown&quot;}\" data-widget_type=\"heading.default\">\n\t\t\t\t<div class=\"elementor-widget-container\">\n\t\t\t<h2 class=\"elementor-heading-title elementor-size-default\">La mejor opci\u00f3n para desarrollar tu proyecto<\/h2>\t\t<\/div>\n\t\t\t\t<\/div>\n\t\t\t\t<div class=\"elementor-element elementor-element-46d1a71 elementor-widget elementor-widget-spacer\" data-id=\"46d1a71\" data-element_type=\"widget\" data-widget_type=\"spacer.default\">\n\t\t\t\t<div class=\"elementor-widget-container\">\n\t\t\t\t\t<div class=\"elementor-spacer\">\n\t\t\t<div class=\"elementor-spacer-inner\"><\/div>\n\t\t<\/div>\n\t\t\t\t<\/div>\n\t\t\t\t<\/div>\n\t\t\t\t\t<\/div>\n\t\t<\/div>\n\t\t\t\t\t\t\t<\/div>\n\t\t<\/section>\n\t\t\t\t\t<\/div>\n\t\t<\/div>\n\t\t\t\t\t\t\t<\/div>\n\t\t<\/section>\n\t\t\t\t<section class=\"elementor-section elementor-top-section elementor-element elementor-element-372a42d elementor-section-boxed elementor-section-height-default elementor-section-height-default\" data-id=\"372a42d\" data-element_type=\"section\">\n\t\t\t\t\t\t<div class=\"elementor-container elementor-column-gap-default\">\n\t\t\t\t\t<div class=\"elementor-column elementor-col-100 elementor-top-column elementor-element elementor-element-c1a1c7c\" data-id=\"c1a1c7c\" data-element_type=\"column\">\n\t\t\t<div class=\"elementor-widget-wrap elementor-element-populated\">\n\t\t\t\t\t\t\t\t<div class=\"elementor-element elementor-element-4b0eed8 elementor-widget__width-inherit elementor-align-left elementor-widget elementor-widget-bdevs-cta\" data-id=\"4b0eed8\" data-element_type=\"widget\" data-widget_type=\"bdevs-cta.default\">\n\t\t\t\t<div class=\"elementor-widget-container\">\n\t\t\t\t\t        <!-- career-cta-area-start -->\r\n        <div class=\"career-cta-area pt-130 pb-130\" style=\"background-image:url(https:\/\/aincomex.com\/wp-content\/uploads\/2023\/07\/3Servicios-scaled.jpg)\">\r\n            <div class=\"container\">\r\n                <div class=\"row\">\r\n                    <div class=\"col-xl-6 offset-xl-6 col-lg-6 offset-lg-6\">\r\n                        <div class=\"career-cta-wrapper\">\r\n                            <div class=\"career-cta-text\">\r\n                                                                <h2>\u00bfQuieres m\u00e1s informaci\u00f3n?<\/h2>\r\n                                                                                                <p><p>Comun\u00edcate\u00a0 con alguno de nuestros expertos\u00a0<\/p><\/p>\r\n                                                                                                <a class=\"btn blue-btn\" href=\"https:\/\/aincomex.com\/index.php\/contacto\/\">Cont\u00e1ctanos <i class=\"far fa-paper-plane\"><\/i><\/a>\r\n                                                            <\/div>\r\n                        <\/div>\r\n                    <\/div>\r\n                <\/div>\r\n            <\/div>\r\n        <\/div>\r\n        <!-- career-cta-area-end -->\r\n    \t\t\t\t<\/div>\n\t\t\t\t<\/div>\n\t\t\t\t<div class=\"elementor-element elementor-element-459f83c elementor-widget elementor-widget-image\" data-id=\"459f83c\" data-element_type=\"widget\" data-widget_type=\"image.default\">\n\t\t\t\t<div class=\"elementor-widget-container\">\n\t\t\t\t\t\t\t\t\t\t\t\t\t\t\t<img decoding=\"async\" width=\"900\" height=\"239\" src=\"https:\/\/aincomex.com\/wp-content\/uploads\/2023\/07\/logo-3-1024x272.png\" class=\"attachment-large size-large wp-image-1101\" alt=\"\" loading=\"lazy\" srcset=\"https:\/\/aincomex.com\/wp-content\/uploads\/2023\/07\/logo-3-1024x272.png 1024w, https:\/\/aincomex.com\/wp-content\/uploads\/2023\/07\/logo-3-300x80.png 300w, https:\/\/aincomex.com\/wp-content\/uploads\/2023\/07\/logo-3-768x204.png 768w, https:\/\/aincomex.com\/wp-content\/uploads\/2023\/07\/logo-3-1536x408.png 1536w, https:\/\/aincomex.com\/wp-content\/uploads\/2023\/07\/logo-3-2048x544.png 2048w\" sizes=\"(max-width: 900px) 100vw, 900px\" \/>\t\t\t\t\t\t\t\t\t\t\t\t\t\t\t<\/div>\n\t\t\t\t<\/div>\n\t\t\t\t<section class=\"elementor-section elementor-inner-section elementor-element elementor-element-c30a073 elementor-section-boxed elementor-section-height-default elementor-section-height-default\" data-id=\"c30a073\" data-element_type=\"section\">\n\t\t\t\t\t\t<div class=\"elementor-container elementor-column-gap-default\">\n\t\t\t\t\t<div class=\"elementor-column elementor-col-50 elementor-inner-column elementor-element elementor-element-c0187f6\" data-id=\"c0187f6\" data-element_type=\"column\">\n\t\t\t<div class=\"elementor-widget-wrap elementor-element-populated\">\n\t\t\t\t\t\t\t\t<div class=\"elementor-element elementor-element-f37f854 elementor-widget elementor-widget-heading\" data-id=\"f37f854\" data-element_type=\"widget\" data-widget_type=\"heading.default\">\n\t\t\t\t<div class=\"elementor-widget-container\">\n\t\t\t<h2 class=\"elementor-heading-title elementor-size-default\">Tambi\u00e9n estamos en LinkedIn<\/h2>\t\t<\/div>\n\t\t\t\t<\/div>\n\t\t\t\t<div class=\"elementor-element elementor-element-fc2486f elementor-widget elementor-widget-text-editor\" data-id=\"fc2486f\" data-element_type=\"widget\" data-widget_type=\"text-editor.default\">\n\t\t\t\t<div class=\"elementor-widget-container\">\n\t\t\t<style>\/*! elementor - v3.14.0 - 26-06-2023 *\/\n.elementor-widget-text-editor.elementor-drop-cap-view-stacked .elementor-drop-cap{background-color:#69727d;color:#fff}.elementor-widget-text-editor.elementor-drop-cap-view-framed .elementor-drop-cap{color:#69727d;border:3px solid;background-color:transparent}.elementor-widget-text-editor:not(.elementor-drop-cap-view-default) .elementor-drop-cap{margin-top:8px}.elementor-widget-text-editor:not(.elementor-drop-cap-view-default) .elementor-drop-cap-letter{width:1em;height:1em}.elementor-widget-text-editor .elementor-drop-cap{float:left;text-align:center;line-height:1;font-size:50px}.elementor-widget-text-editor .elementor-drop-cap-letter{display:inline-block}<\/style>\t\t\t\t<h5>S\u00edguenos y conoce el Abece del comercio exterior mexicano.<\/h5>\t\t\t\t\t\t<\/div>\n\t\t\t\t<\/div>\n\t\t\t\t\t<\/div>\n\t\t<\/div>\n\t\t\t\t<div class=\"elementor-column elementor-col-50 elementor-inner-column elementor-element elementor-element-0f002ed\" data-id=\"0f002ed\" data-element_type=\"column\">\n\t\t\t<div class=\"elementor-widget-wrap elementor-element-populated\">\n\t\t\t\t\t\t\t\t<div class=\"elementor-element elementor-element-4276d1f elementor-widget elementor-widget-spacer\" data-id=\"4276d1f\" data-element_type=\"widget\" data-widget_type=\"spacer.default\">\n\t\t\t\t<div class=\"elementor-widget-container\">\n\t\t\t\t\t<div class=\"elementor-spacer\">\n\t\t\t<div class=\"elementor-spacer-inner\"><\/div>\n\t\t<\/div>\n\t\t\t\t<\/div>\n\t\t\t\t<\/div>\n\t\t\t\t<div class=\"elementor-element elementor-element-177fd61 elementor-align-center elementor-widget elementor-widget-button\" data-id=\"177fd61\" data-element_type=\"widget\" data-widget_type=\"button.default\">\n\t\t\t\t<div class=\"elementor-widget-container\">\n\t\t\t\t\t<div class=\"elementor-button-wrapper\">\n\t\t\t<a class=\"elementor-button elementor-button-link elementor-size-sm\" href=\"https:\/\/www.linkedin.com\/company\/aincomex\/about\/\">\n\t\t\t\t\t\t<span class=\"elementor-button-content-wrapper\">\n\t\t\t\t\t\t<span class=\"elementor-button-icon elementor-align-icon-left\">\n\t\t\t\t<i aria-hidden=\"true\" class=\"fab fa-linkedin-in\"><\/i>\t\t\t<\/span>\n\t\t\t\t\t\t<span class=\"elementor-button-text\">Haz clic aqu\u00ed<\/span>\n\t\t<\/span>\n\t\t\t\t\t<\/a>\n\t\t<\/div>\n\t\t\t\t<\/div>\n\t\t\t\t<\/div>\n\t\t\t\t\t<\/div>\n\t\t<\/div>\n\t\t\t\t\t\t\t<\/div>\n\t\t<\/section>\n\t\t\t\t<section class=\"elementor-section elementor-inner-section elementor-element elementor-element-30541d6 elementor-section-boxed elementor-section-height-default elementor-section-height-default\" data-id=\"30541d6\" data-element_type=\"section\">\n\t\t\t\t\t\t<div class=\"elementor-container elementor-column-gap-default\">\n\t\t\t\t\t<div class=\"elementor-column elementor-col-100 elementor-inner-column elementor-element elementor-element-9332673\" data-id=\"9332673\" data-element_type=\"column\">\n\t\t\t<div class=\"elementor-widget-wrap elementor-element-populated\">\n\t\t\t\t\t\t\t\t<div class=\"elementor-element elementor-element-029547d elementor-widget elementor-widget-google_maps\" data-id=\"029547d\" data-element_type=\"widget\" data-widget_type=\"google_maps.default\">\n\t\t\t\t<div class=\"elementor-widget-container\">\n\t\t\t<style>\/*! elementor - v3.14.0 - 26-06-2023 *\/\n.elementor-widget-google_maps .elementor-widget-container{overflow:hidden}.elementor-widget-google_maps .elementor-custom-embed{line-height:0}.elementor-widget-google_maps iframe{height:300px}<\/style>\t\t<div class=\"elementor-custom-embed\">\n\t\t\t<iframe loading=\"lazy\"\n\t\t\t\t\tsrc=\"https:\/\/maps.google.com\/maps?q=Amsterdam240%2C%20Int.%20302%20Hip%C3%B3dromo%2C%20Cuauht%C3%A9moc%2C%2006100%20Ciudad%20de%20M%C3%A9xico%2C%20CDMX&#038;t=m&#038;z=10&#038;output=embed&#038;iwloc=near\"\n\t\t\t\t\ttitle=\"Amsterdam240, Int. 302 Hip\u00f3dromo, Cuauht\u00e9moc, 06100 Ciudad de M\u00e9xico, CDMX\"\n\t\t\t\t\taria-label=\"Amsterdam240, Int. 302 Hip\u00f3dromo, Cuauht\u00e9moc, 06100 Ciudad de M\u00e9xico, CDMX\"\n\t\t\t><\/iframe>\n\t\t<\/div>\n\t\t\t\t<\/div>\n\t\t\t\t<\/div>\n\t\t\t\t\t<\/div>\n\t\t<\/div>\n\t\t\t\t\t\t\t<\/div>\n\t\t<\/section>\n\t\t\t\t\t<\/div>\n\t\t<\/div>\n\t\t\t\t\t\t\t<\/div>\n\t\t<\/section>\n\t\t\t\t\t\t\t<\/div>\n\t\t","protected":false},"excerpt":{"rendered":"<p>Conoce el ABECE del comercio exterior mexicano ACERCA DE NOSOTROS SERVICIOS Somos especialistas en toda la tramitolog\u00eda del comercio exterior La mejor opci\u00f3n para desarrollar tu proyecto \u00bfQuieres m\u00e1s informaci\u00f3n? Comun\u00edcate\u00a0 con alguno de nuestros expertos\u00a0 Cont\u00e1ctanos Tambi\u00e9n estamos en LinkedIn S\u00edguenos y conoce el Abece del comercio exterior mexicano. Haz clic aqu\u00ed<\/p>\n","protected":false},"author":1,"featured_media":0,"parent":0,"menu_order":0,"comment_status":"closed","ping_status":"closed","template":"page-templates\/home-3.php","meta":{"om_disable_all_campaigns":false,"_mi_skip_tracking":false,"_monsterinsights_sitenote_active":false,"_monsterinsights_sitenote_note":"","_monsterinsights_sitenote_category":0,"_joinchat":[]},"aioseo_notices":[],"_links":{"self":[{"href":"https:\/\/aincomex.com\/index.php\/wp-json\/wp\/v2\/pages\/917"}],"collection":[{"href":"https:\/\/aincomex.com\/index.php\/wp-json\/wp\/v2\/pages"}],"about":[{"href":"https:\/\/aincomex.com\/index.php\/wp-json\/wp\/v2\/types\/page"}],"author":[{"embeddable":true,"href":"https:\/\/aincomex.com\/index.php\/wp-json\/wp\/v2\/users\/1"}],"replies":[{"embeddable":true,"href":"https:\/\/aincomex.com\/index.php\/wp-json\/wp\/v2\/comments?post=917"}],"version-history":[{"count":95,"href":"https:\/\/aincomex.com\/index.php\/wp-json\/wp\/v2\/pages\/917\/revisions"}],"predecessor-version":[{"id":1314,"href":"https:\/\/aincomex.com\/index.php\/wp-json\/wp\/v2\/pages\/917\/revisions\/1314"}],"wp:attachment":[{"href":"https:\/\/aincomex.com\/index.php\/wp-json\/wp\/v2\/media?parent=917"}],"curies":[{"name":"wp","href":"https:\/\/api.w.org\/{rel}","templated":true}]}}