{"id":943,"date":"2023-07-12T06:38:30","date_gmt":"2023-07-12T06:38:30","guid":{"rendered":"https:\/\/aincomex.com\/?page_id=943"},"modified":"2023-07-20T05:06:10","modified_gmt":"2023-07-20T05:06:10","slug":"servicios","status":"publish","type":"page","link":"https:\/\/aincomex.com\/index.php\/servicios\/","title":{"rendered":"Servicios"},"content":{"rendered":"\t\t<div data-elementor-type=\"wp-page\" data-elementor-id=\"943\" class=\"elementor elementor-943\">\n\t\t\t\t\t\t\t\t\t<section class=\"elementor-section elementor-top-section elementor-element elementor-element-1cc87ae4 elementor-section-full_width elementor-section-height-default elementor-section-height-default\" data-id=\"1cc87ae4\" data-element_type=\"section\">\n\t\t\t\t\t\t<div class=\"elementor-container elementor-column-gap-default\">\n\t\t\t\t\t<div class=\"elementor-column elementor-col-100 elementor-top-column elementor-element elementor-element-1658ce86\" data-id=\"1658ce86\" data-element_type=\"column\">\n\t\t\t<div class=\"elementor-widget-wrap elementor-element-populated\">\n\t\t\t\t\t\t\t\t<div class=\"elementor-element elementor-element-1a09f464 elementor-align-left elementor-widget elementor-widget-bdevs-banner\" data-id=\"1a09f464\" data-element_type=\"widget\" data-widget_type=\"bdevs-banner.default\">\n\t\t\t\t<div class=\"elementor-widget-container\">\n\t\t\t\t\t<!-- breadcrumb-area-start -->\r\n        <div class=\"breadcrumb-area pt-230 pb-240\" style=\"background-image:url(https:\/\/aincomex.com\/wp-content\/uploads\/2023\/07\/1inicio-5-scaled.jpg)\">\r\n            <div class=\"container\">\r\n                <div class=\"row\">\r\n                    <div class=\"col-xl-12\">\r\n                        <div class=\"breadcrumb-text text-center\">\r\n                            <h1>SERVICIOS<\/h1>\r\n                                                        <ul class=\"breadcrumb-menu\">\r\n                                <li><a href=\"https:\/\/aincomex.com\/\">EN AINCOMEX<\/a><\/li>\r\n                                <li><span>CONOCE NUESTRO PORTAFOLIO DE SERVICIOS<\/span><\/li>\r\n                            <\/ul>\r\n                                                    <\/div>\r\n                    <\/div>\r\n                <\/div>\r\n            <\/div>\r\n        <\/div>\r\n        <!-- breadcrumb-area-end -->\r\n\t\t\t<\/div>\n\t\t\t\t<\/div>\n\t\t\t\t\t<\/div>\n\t\t<\/div>\n\t\t\t\t\t\t\t<\/div>\n\t\t<\/section>\n\t\t\t\t<section class=\"elementor-section elementor-top-section elementor-element elementor-element-ce853cf elementor-section-full_width elementor-section-height-default elementor-section-height-default\" data-id=\"ce853cf\" data-element_type=\"section\">\n\t\t\t\t\t\t<div class=\"elementor-container elementor-column-gap-default\">\n\t\t\t\t\t<div class=\"elementor-column elementor-col-100 elementor-top-column elementor-element elementor-element-4fecbc79\" data-id=\"4fecbc79\" data-element_type=\"column\">\n\t\t\t<div class=\"elementor-widget-wrap elementor-element-populated\">\n\t\t\t\t\t\t\t\t<div class=\"elementor-element elementor-element-50248d60 elementor-align-left elementor-widget elementor-widget-bdevs-cta\" data-id=\"50248d60\" data-element_type=\"widget\" data-widget_type=\"bdevs-cta.default\">\n\t\t\t\t<div class=\"elementor-widget-container\">\n\t\t\t\t\t\t\t<!-- cta-area-start -->\r\n        <div class=\"cta-area pt-120 pb-130\" style=\"background-image:url(https:\/\/aincomex.com\/wp-content\/uploads\/2023\/07\/SERVICIOS.png)\">\r\n            <div class=\"container\">\r\n                <div class=\"row\">\r\n                    <div class=\"col-xl-8 col-lg-8 offset-lg-2 offset-xl-2\">\r\n                        <div class=\"cta-wrapper text-center\">\r\n                            <div class=\"cta-text\">\r\n                            \t                                <span>Servicio de <\/span>\r\n                            \t                                                                <h1>Log\u00edstica<\/h1>\r\n                                                                                                <p><p><span style=\"font-weight: 400\">Organizamos tus env\u00edos desde y hacia cualquier parte del mundo. Contamos con transporte nacional e internacional para todo tipo de carga a trav\u00e9s de nuestra red de agentes internacionales, siempre brind\u00e1ndote la mejor alternativa<\/span><\/p><\/p>\r\n                                                                                            <\/div>\r\n                        <\/div>\r\n                    <\/div>\r\n                <\/div>\r\n            <\/div>\r\n        <\/div>\r\n        <!-- cta-area-end -->\r\n        \t\t\t<\/div>\n\t\t\t\t<\/div>\n\t\t\t\t\t<\/div>\n\t\t<\/div>\n\t\t\t\t\t\t\t<\/div>\n\t\t<\/section>\n\t\t\t\t<section class=\"elementor-section elementor-top-section elementor-element elementor-element-a5a030c elementor-section-boxed elementor-section-height-default elementor-section-height-default\" data-id=\"a5a030c\" data-element_type=\"section\">\n\t\t\t\t\t\t<div class=\"elementor-container elementor-column-gap-default\">\n\t\t\t\t\t<div class=\"elementor-column elementor-col-50 elementor-top-column elementor-element elementor-element-24df3a0\" data-id=\"24df3a0\" data-element_type=\"column\">\n\t\t\t<div class=\"elementor-widget-wrap elementor-element-populated\">\n\t\t\t\t\t\t\t\t<div class=\"elementor-element elementor-element-45e94f6 elementor-position-top elementor-vertical-align-top elementor-widget elementor-widget-image-box\" data-id=\"45e94f6\" data-element_type=\"widget\" data-widget_type=\"image-box.default\">\n\t\t\t\t<div class=\"elementor-widget-container\">\n\t\t\t<style>\/*! elementor - v3.14.0 - 26-06-2023 *\/\n.elementor-widget-image-box .elementor-image-box-content{width:100%}@media (min-width:768px){.elementor-widget-image-box.elementor-position-left .elementor-image-box-wrapper,.elementor-widget-image-box.elementor-position-right .elementor-image-box-wrapper{display:flex}.elementor-widget-image-box.elementor-position-right .elementor-image-box-wrapper{text-align:right;flex-direction:row-reverse}.elementor-widget-image-box.elementor-position-left .elementor-image-box-wrapper{text-align:left;flex-direction:row}.elementor-widget-image-box.elementor-position-top .elementor-image-box-img{margin:auto}.elementor-widget-image-box.elementor-vertical-align-top .elementor-image-box-wrapper{align-items:flex-start}.elementor-widget-image-box.elementor-vertical-align-middle .elementor-image-box-wrapper{align-items:center}.elementor-widget-image-box.elementor-vertical-align-bottom .elementor-image-box-wrapper{align-items:flex-end}}@media (max-width:767px){.elementor-widget-image-box .elementor-image-box-img{margin-left:auto!important;margin-right:auto!important;margin-bottom:15px}}.elementor-widget-image-box .elementor-image-box-img{display:inline-block}.elementor-widget-image-box .elementor-image-box-title a{color:inherit}.elementor-widget-image-box .elementor-image-box-wrapper{text-align:center}.elementor-widget-image-box .elementor-image-box-description{margin:0}<\/style><div class=\"elementor-image-box-wrapper\"><figure class=\"elementor-image-box-img\"><img decoding=\"async\" width=\"200\" height=\"200\" src=\"https:\/\/aincomex.com\/wp-content\/uploads\/2023\/07\/2-aseguramiento-carga-e1689562866498.png\" class=\"attachment-full size-full wp-image-1023\" alt=\"\" loading=\"lazy\" srcset=\"https:\/\/aincomex.com\/wp-content\/uploads\/2023\/07\/2-aseguramiento-carga-e1689562866498.png 200w, https:\/\/aincomex.com\/wp-content\/uploads\/2023\/07\/2-aseguramiento-carga-e1689562866498-150x150.png 150w\" sizes=\"(max-width: 200px) 100vw, 200px\" \/><\/figure><div class=\"elementor-image-box-content\"><h3 class=\"elementor-image-box-title\">Aseguramiento de carga<\/h3><p class=\"elementor-image-box-description\">De la mano de una de las empresas m\u00e1s importantes a nivel internacional en seguros de carga, brindamos este servicio a todos nuestros clientes con diferentes coberturas de acuerdo a las necesidades de cada sector.<\/p><\/div><\/div>\t\t<\/div>\n\t\t\t\t<\/div>\n\t\t\t\t\t<\/div>\n\t\t<\/div>\n\t\t\t\t<div class=\"elementor-column elementor-col-50 elementor-top-column elementor-element elementor-element-30a32d7\" data-id=\"30a32d7\" data-element_type=\"column\">\n\t\t\t<div class=\"elementor-widget-wrap elementor-element-populated\">\n\t\t\t\t\t\t\t\t<div class=\"elementor-element elementor-element-4fa9fd2 elementor-position-top elementor-vertical-align-top elementor-widget elementor-widget-image-box\" data-id=\"4fa9fd2\" data-element_type=\"widget\" data-widget_type=\"image-box.default\">\n\t\t\t\t<div class=\"elementor-widget-container\">\n\t\t\t<div class=\"elementor-image-box-wrapper\"><figure class=\"elementor-image-box-img\"><img decoding=\"async\" width=\"4501\" height=\"4501\" src=\"https:\/\/aincomex.com\/wp-content\/uploads\/2023\/07\/3-servicios-origen.png\" class=\"attachment-full size-full wp-image-1134\" alt=\"\" loading=\"lazy\" srcset=\"https:\/\/aincomex.com\/wp-content\/uploads\/2023\/07\/3-servicios-origen.png 4501w, https:\/\/aincomex.com\/wp-content\/uploads\/2023\/07\/3-servicios-origen-300x300.png 300w, https:\/\/aincomex.com\/wp-content\/uploads\/2023\/07\/3-servicios-origen-1024x1024.png 1024w, https:\/\/aincomex.com\/wp-content\/uploads\/2023\/07\/3-servicios-origen-150x150.png 150w, https:\/\/aincomex.com\/wp-content\/uploads\/2023\/07\/3-servicios-origen-768x768.png 768w, https:\/\/aincomex.com\/wp-content\/uploads\/2023\/07\/3-servicios-origen-1536x1536.png 1536w, https:\/\/aincomex.com\/wp-content\/uploads\/2023\/07\/3-servicios-origen-2048x2048.png 2048w\" sizes=\"(max-width: 4501px) 100vw, 4501px\" \/><\/figure><div class=\"elementor-image-box-content\"><h3 class=\"elementor-image-box-title\">Servicios en origen<\/h3><p class=\"elementor-image-box-description\">Ofrecemos servicios de previo en origen, verificaci\u00f3n de proveedores, verificaci\u00f3n de calidad de producci\u00f3n y m\u00e1s, para tus proveedores en Asia y Europa<\/p><\/div><\/div>\t\t<\/div>\n\t\t\t\t<\/div>\n\t\t\t\t\t<\/div>\n\t\t<\/div>\n\t\t\t\t\t\t\t<\/div>\n\t\t<\/section>\n\t\t\t\t<section class=\"elementor-section elementor-top-section elementor-element elementor-element-cb3eb96 elementor-section-full_width elementor-section-height-default elementor-section-height-default\" data-id=\"cb3eb96\" data-element_type=\"section\">\n\t\t\t\t\t\t<div class=\"elementor-container elementor-column-gap-default\">\n\t\t\t\t\t<div class=\"elementor-column elementor-col-100 elementor-top-column elementor-element elementor-element-c4eca10\" data-id=\"c4eca10\" data-element_type=\"column\">\n\t\t\t<div class=\"elementor-widget-wrap elementor-element-populated\">\n\t\t\t\t\t\t\t\t<div class=\"elementor-element elementor-element-007fdc1 elementor-align-left elementor-widget elementor-widget-bdevs-cta\" data-id=\"007fdc1\" data-element_type=\"widget\" data-widget_type=\"bdevs-cta.default\">\n\t\t\t\t<div class=\"elementor-widget-container\">\n\t\t\t\t\t\t\t<!-- cta-area-start -->\r\n        <div class=\"cta-area pt-120 pb-130\" style=\"background-image:url(https:\/\/aincomex.com\/wp-content\/uploads\/2023\/07\/SERVICIOS_1.png)\">\r\n            <div class=\"container\">\r\n                <div class=\"row\">\r\n                    <div class=\"col-xl-8 col-lg-8 offset-lg-2 offset-xl-2\">\r\n                        <div class=\"cta-wrapper text-center\">\r\n                            <div class=\"cta-text\">\r\n                            \t                                <span>Coordinaci\u00f3n de<\/span>\r\n                            \t                                                                <h1> Despacho Aduanal<\/h1>\r\n                                                                                                <p><p><span style=\"font-weight: 400\">Gestionamos el servicio de despacho aduanal con nuestra red de agentes aduanales estrat\u00e9gicos que nos permiten despachar con agilidad tanto operaciones de importaci\u00f3n como de exportaci\u00f3n por las principales aduanas del pa\u00eds. Damos informaci\u00f3n certera y confiable en todo momento acerca del estatus de las operaciones a trav\u00e9s de nuestro equipo de expertos.<\/span><\/p><\/p>\r\n                                                                                            <\/div>\r\n                        <\/div>\r\n                    <\/div>\r\n                <\/div>\r\n            <\/div>\r\n        <\/div>\r\n        <!-- cta-area-end -->\r\n        \t\t\t<\/div>\n\t\t\t\t<\/div>\n\t\t\t\t\t<\/div>\n\t\t<\/div>\n\t\t\t\t\t\t\t<\/div>\n\t\t<\/section>\n\t\t\t\t<section class=\"elementor-section elementor-top-section elementor-element elementor-element-d382d2f elementor-section-boxed elementor-section-height-default elementor-section-height-default\" data-id=\"d382d2f\" data-element_type=\"section\">\n\t\t\t\t\t\t<div class=\"elementor-container elementor-column-gap-default\">\n\t\t\t\t\t<div class=\"elementor-column elementor-col-50 elementor-top-column elementor-element elementor-element-7548c8f\" data-id=\"7548c8f\" data-element_type=\"column\">\n\t\t\t<div class=\"elementor-widget-wrap elementor-element-populated\">\n\t\t\t\t\t\t\t\t<div class=\"elementor-element elementor-element-bfd3743 elementor-position-top elementor-vertical-align-top elementor-widget elementor-widget-image-box\" data-id=\"bfd3743\" data-element_type=\"widget\" data-widget_type=\"image-box.default\">\n\t\t\t\t<div class=\"elementor-widget-container\">\n\t\t\t<div class=\"elementor-image-box-wrapper\"><figure class=\"elementor-image-box-img\"><img decoding=\"async\" width=\"4501\" height=\"4501\" src=\"https:\/\/aincomex.com\/wp-content\/uploads\/2023\/07\/5-almacenaje-distribucion-nal.png\" class=\"attachment-full size-full wp-image-1026\" alt=\"\" loading=\"lazy\" srcset=\"https:\/\/aincomex.com\/wp-content\/uploads\/2023\/07\/5-almacenaje-distribucion-nal.png 4501w, https:\/\/aincomex.com\/wp-content\/uploads\/2023\/07\/5-almacenaje-distribucion-nal-300x300.png 300w, https:\/\/aincomex.com\/wp-content\/uploads\/2023\/07\/5-almacenaje-distribucion-nal-1024x1024.png 1024w, https:\/\/aincomex.com\/wp-content\/uploads\/2023\/07\/5-almacenaje-distribucion-nal-150x150.png 150w, https:\/\/aincomex.com\/wp-content\/uploads\/2023\/07\/5-almacenaje-distribucion-nal-768x768.png 768w, https:\/\/aincomex.com\/wp-content\/uploads\/2023\/07\/5-almacenaje-distribucion-nal-1536x1536.png 1536w, https:\/\/aincomex.com\/wp-content\/uploads\/2023\/07\/5-almacenaje-distribucion-nal-2048x2048.png 2048w\" sizes=\"(max-width: 4501px) 100vw, 4501px\" \/><\/figure><div class=\"elementor-image-box-content\"><h3 class=\"elementor-image-box-title\">Almacenaje y distribuci\u00f3n nacional<\/h3><p class=\"elementor-image-box-description\">Contamos con servicio de almacenaje en todo el pa\u00eds a trav\u00e9s de nuestra red de aliados comerciales. Ofrecemos servicios de almacenaje nacional y dep\u00f3sito fiscal, as\u00ed como cross docking, acondicionamiento de carga, surtido de pedidos y distribuciones locales y nacionales<\/p><\/div><\/div>\t\t<\/div>\n\t\t\t\t<\/div>\n\t\t\t\t\t<\/div>\n\t\t<\/div>\n\t\t\t\t<div class=\"elementor-column elementor-col-50 elementor-top-column elementor-element elementor-element-e4f4705\" data-id=\"e4f4705\" data-element_type=\"column\">\n\t\t\t<div class=\"elementor-widget-wrap elementor-element-populated\">\n\t\t\t\t\t\t\t\t<div class=\"elementor-element elementor-element-6b24c26 elementor-position-top elementor-vertical-align-top elementor-widget elementor-widget-image-box\" data-id=\"6b24c26\" data-element_type=\"widget\" data-widget_type=\"image-box.default\">\n\t\t\t\t<div class=\"elementor-widget-container\">\n\t\t\t<div class=\"elementor-image-box-wrapper\"><figure class=\"elementor-image-box-img\"><img decoding=\"async\" width=\"4501\" height=\"4501\" src=\"https:\/\/aincomex.com\/wp-content\/uploads\/2023\/07\/6-asistencia-asesoria-empresarial-importaciones.png\" class=\"attachment-full size-full wp-image-1027\" alt=\"\" loading=\"lazy\" srcset=\"https:\/\/aincomex.com\/wp-content\/uploads\/2023\/07\/6-asistencia-asesoria-empresarial-importaciones.png 4501w, https:\/\/aincomex.com\/wp-content\/uploads\/2023\/07\/6-asistencia-asesoria-empresarial-importaciones-300x300.png 300w, https:\/\/aincomex.com\/wp-content\/uploads\/2023\/07\/6-asistencia-asesoria-empresarial-importaciones-1024x1024.png 1024w, https:\/\/aincomex.com\/wp-content\/uploads\/2023\/07\/6-asistencia-asesoria-empresarial-importaciones-150x150.png 150w, https:\/\/aincomex.com\/wp-content\/uploads\/2023\/07\/6-asistencia-asesoria-empresarial-importaciones-768x768.png 768w, https:\/\/aincomex.com\/wp-content\/uploads\/2023\/07\/6-asistencia-asesoria-empresarial-importaciones-1536x1536.png 1536w, https:\/\/aincomex.com\/wp-content\/uploads\/2023\/07\/6-asistencia-asesoria-empresarial-importaciones-2048x2048.png 2048w\" sizes=\"(max-width: 4501px) 100vw, 4501px\" \/><\/figure><div class=\"elementor-image-box-content\"><h3 class=\"elementor-image-box-title\">Asistencia y asesor\u00eda empresarial para importaciones<\/h3><p class=\"elementor-image-box-description\">Dise\u00f1amos y evaluamos toda tu operaci\u00f3n desde cero para lograr la importaci\u00f3n de cualquier producto a territorio nacional, realizando la gesti\u00f3n necesaria con tus proveedores internacionales, el despacho aduanal y la entrega a tus instalaciones.\nContamos con los conocimientos para auxiliarte con la constituci\u00f3n y operaci\u00f3n de tu empresa (persona moral) si te encuentras en el extranjero y quieres entrar al mercado mexicano cumpliendo con todos los requisitos necesarios por parte de las autoridades mexicanas.\n<\/p><\/div><\/div>\t\t<\/div>\n\t\t\t\t<\/div>\n\t\t\t\t\t<\/div>\n\t\t<\/div>\n\t\t\t\t\t\t\t<\/div>\n\t\t<\/section>\n\t\t\t\t\t\t\t<\/div>\n\t\t","protected":false},"excerpt":{"rendered":"<p>SERVICIOS EN AINCOMEX CONOCE NUESTRO PORTAFOLIO DE SERVICIOS Servicio de Log\u00edstica Organizamos tus env\u00edos desde y hacia cualquier parte del mundo. Contamos con transporte nacional e internacional para todo tipo de carga a trav\u00e9s de nuestra red de agentes internacionales, siempre brind\u00e1ndote la mejor alternativa Aseguramiento de cargaDe la mano de una de las empresas [&hellip;]<\/p>\n","protected":false},"author":1,"featured_media":0,"parent":0,"menu_order":0,"comment_status":"closed","ping_status":"closed","template":"elementor_header_footer","meta":{"om_disable_all_campaigns":false,"_mi_skip_tracking":false,"_monsterinsights_sitenote_active":false,"_monsterinsights_sitenote_note":"","_monsterinsights_sitenote_category":0,"_joinchat":[]},"aioseo_notices":[],"_links":{"self":[{"href":"https:\/\/aincomex.com\/index.php\/wp-json\/wp\/v2\/pages\/943"}],"collection":[{"href":"https:\/\/aincomex.com\/index.php\/wp-json\/wp\/v2\/pages"}],"about":[{"href":"https:\/\/aincomex.com\/index.php\/wp-json\/wp\/v2\/types\/page"}],"author":[{"embeddable":true,"href":"https:\/\/aincomex.com\/index.php\/wp-json\/wp\/v2\/users\/1"}],"replies":[{"embeddable":true,"href":"https:\/\/aincomex.com\/index.php\/wp-json\/wp\/v2\/comments?post=943"}],"version-history":[{"count":23,"href":"https:\/\/aincomex.com\/index.php\/wp-json\/wp\/v2\/pages\/943\/revisions"}],"predecessor-version":[{"id":1255,"href":"https:\/\/aincomex.com\/index.php\/wp-json\/wp\/v2\/pages\/943\/revisions\/1255"}],"wp:attachment":[{"href":"https:\/\/aincomex.com\/index.php\/wp-json\/wp\/v2\/media?parent=943"}],"curies":[{"name":"wp","href":"https:\/\/api.w.org\/{rel}","templated":true}]}}