{"id":961,"date":"2023-07-12T07:09:57","date_gmt":"2023-07-12T07:09:57","guid":{"rendered":"https:\/\/aincomex.com\/?page_id=961"},"modified":"2023-08-03T13:31:14","modified_gmt":"2023-08-03T13:31:14","slug":"nosotros","status":"publish","type":"page","link":"https:\/\/aincomex.com\/index.php\/nosotros\/","title":{"rendered":"Acerca de Nosotros"},"content":{"rendered":"\t\t<div data-elementor-type=\"wp-page\" data-elementor-id=\"961\" class=\"elementor elementor-961\">\n\t\t\t\t\t\t\t\t\t<section class=\"elementor-section elementor-top-section elementor-element elementor-element-7c026895 elementor-section-full_width elementor-section-height-default elementor-section-height-default\" data-id=\"7c026895\" data-element_type=\"section\">\n\t\t\t\t\t\t<div class=\"elementor-container elementor-column-gap-no\">\n\t\t\t\t\t<div class=\"elementor-column elementor-col-100 elementor-top-column elementor-element elementor-element-103848ac\" data-id=\"103848ac\" data-element_type=\"column\">\n\t\t\t<div class=\"elementor-widget-wrap elementor-element-populated\">\n\t\t\t\t\t\t\t\t<div class=\"elementor-element elementor-element-21f36ea2 elementor-align-left elementor-widget elementor-widget-bdevs-about\" data-id=\"21f36ea2\" data-element_type=\"widget\" data-widget_type=\"bdevs-about.default\">\n\t\t\t\t<div class=\"elementor-widget-container\">\n\t\t\t\t\t\t\t<!-- about-us-area-start -->\r\n        <div class=\"about-us-area pb-100\">\r\n            <div class=\"container\">\r\n                <div class=\"row\">\r\n                    <div class=\"col-xl-6 col-lg-6\">\r\n                        <div class=\"about-us-img mb-30\">\r\n                            <img decoding=\"async\" src=\"https:\/\/aincomex.com\/wp-content\/uploads\/2023\/07\/2nosotros-scaled.jpg\" alt=\"\">\r\n                        <\/div>\r\n                    <\/div>\r\n                    <div class=\"col-xl-6 col-lg-6\">\r\n                        <div class=\"about-us-wrapper mb-30\">\r\n                            <div class=\"section-title pos-rel mb-35\">\r\n                            \t                                <h1>01<\/h1>\r\n                            \t                            \t                                <span class=\"line\">Acerca de Nosotros<\/span>\r\n                                                                                                <h2>AINCOMEX<\/h2>\r\n                                                            <\/div>\r\n                            <div class=\"about-us-text pos-rel\">\r\n                            \t                                <p><span style=\"font-weight: 400\">Somos un grupo de asesores especialistas en empresas de comercio exterior mexicano, desde la constituci\u00f3n legal y contable hasta el cumplimiento de todas las regulaciones vigentes para importar o exportar desde o hacia M\u00e9xico.<\/span><\/p>                            \t                                                                <div class=\"about-button\">\r\n                                    <a class=\"btn\" href=\"https:\/\/aincomex.com\/index.php\/servicios\/\">Servicios <i class=\"far fa-paper-plane\"><\/i><\/a>\r\n                                <\/div>\r\n                                                            <\/div>\r\n                        <\/div>\r\n                    <\/div>\r\n                <\/div>\r\n            <\/div>\r\n        <\/div>\r\n        <!-- about-us-area-end -->\r\n        \t\t\t<\/div>\n\t\t\t\t<\/div>\n\t\t\t\t\t<\/div>\n\t\t<\/div>\n\t\t\t\t\t\t\t<\/div>\n\t\t<\/section>\n\t\t\t\t<section class=\"elementor-section elementor-top-section elementor-element elementor-element-6bbfe374 elementor-section-full_width elementor-section-height-default elementor-section-height-default\" data-id=\"6bbfe374\" data-element_type=\"section\">\n\t\t\t\t\t\t<div class=\"elementor-container elementor-column-gap-default\">\n\t\t\t\t\t<div class=\"elementor-column elementor-col-100 elementor-top-column elementor-element elementor-element-1f7075bc\" data-id=\"1f7075bc\" data-element_type=\"column\">\n\t\t\t<div class=\"elementor-widget-wrap elementor-element-populated\">\n\t\t\t\t\t\t\t\t<div class=\"elementor-element elementor-element-0413a42 elementor-align-left elementor-widget elementor-widget-bdevs-about\" data-id=\"0413a42\" data-element_type=\"widget\" data-widget_type=\"bdevs-about.default\">\n\t\t\t\t<div class=\"elementor-widget-container\">\n\t\t\t\t\t        <div class=\"skills-area pos-rel pt-130 pb-100\">\r\n            <div class=\"container\">\r\n                <div class=\"row\">\r\n                    <div class=\"col-xl-6 col-lg-6\">\r\n                        <div class=\"skills-02-wrapper mb-30\">\r\n                            <div class=\"section-title pos-rel mb-40\">\r\n                            \t                                <h1>02<\/h1>\r\n                            \t                            \t                                <span class=\"line\">Nuestra<\/span>\r\n                                                                                                <h2>MISI\u00d3N<\/h2>\r\n                                                                                                <p>Coadyuvar al desarollo log\u00edstico integral de importadores y exportadores a trav\u00e9s de nuestros servicios especializados en comercio exterior. Brindar asesor\u00eda a empresas nacionales e internacionales que requieran de servicios de cumplimiento normativo para importar o exportar hacia o desde M\u00e9xico<\/p>                            \t                            <\/div>\r\n                                                    <\/div>\r\n                    <\/div>\r\n                    <div class=\"col-xl-6 col-lg-6\">\r\n                        <div class=\"about-img mb-30\">\r\n                            <img decoding=\"async\" src=\"https:\/\/aincomex.com\/wp-content\/uploads\/2023\/07\/4tramites-servicios-especializados-1-scaled.jpg\" alt=\"\">\r\n                        <\/div>\r\n                    <\/div>\r\n                <\/div>\r\n            <\/div>\r\n        <\/div>\r\n        \t\t\t<\/div>\n\t\t\t\t<\/div>\n\t\t\t\t<div class=\"elementor-element elementor-element-8c47e7a elementor-align-left elementor-widget elementor-widget-bdevs-about\" data-id=\"8c47e7a\" data-element_type=\"widget\" data-widget_type=\"bdevs-about.default\">\n\t\t\t\t<div class=\"elementor-widget-container\">\n\t\t\t\t\t\t\t<!-- about-us-area-start -->\r\n        <div class=\"about-us-area pb-100\">\r\n            <div class=\"container\">\r\n                <div class=\"row\">\r\n                    <div class=\"col-xl-6 col-lg-6\">\r\n                        <div class=\"about-us-img mb-30\">\r\n                            <img decoding=\"async\" src=\"https:\/\/aincomex.com\/wp-content\/uploads\/2023\/07\/viejo-sentado-salon-automovil-hablando-gerente-scaled.jpg\" alt=\"\">\r\n                        <\/div>\r\n                    <\/div>\r\n                    <div class=\"col-xl-6 col-lg-6\">\r\n                        <div class=\"about-us-wrapper mb-30\">\r\n                            <div class=\"section-title pos-rel mb-35\">\r\n                            \t                                <h1>03<\/h1>\r\n                            \t                            \t                                <span class=\"line\">Nuestra<\/span>\r\n                                                                                                <h2>VISI\u00d3N<\/h2>\r\n                                                            <\/div>\r\n                            <div class=\"about-us-text pos-rel\">\r\n                            \t                                <p>Ser un referente internacional en servicios log\u00edsticos, aduanales y de cumplimiento normativo relacionado con el comercio internacional.<\/p>                            \t                                                            <\/div>\r\n                        <\/div>\r\n                    <\/div>\r\n                <\/div>\r\n            <\/div>\r\n        <\/div>\r\n        <!-- about-us-area-end -->\r\n        \t\t\t<\/div>\n\t\t\t\t<\/div>\n\t\t\t\t\t<\/div>\n\t\t<\/div>\n\t\t\t\t\t\t\t<\/div>\n\t\t<\/section>\n\t\t\t\t\t\t\t<\/div>\n\t\t","protected":false},"excerpt":{"rendered":"<p>01 Acerca de Nosotros AINCOMEX Somos un grupo de asesores especialistas en empresas de comercio exterior mexicano, desde la constituci\u00f3n legal y contable hasta el cumplimiento de todas las regulaciones vigentes para importar o exportar desde o hacia M\u00e9xico. Servicios 02 Nuestra MISI\u00d3N Coadyuvar al desarollo log\u00edstico integral de importadores y exportadores a trav\u00e9s de [&hellip;]<\/p>\n","protected":false},"author":1,"featured_media":0,"parent":0,"menu_order":0,"comment_status":"closed","ping_status":"closed","template":"elementor_header_footer","meta":{"om_disable_all_campaigns":false,"_mi_skip_tracking":false,"_monsterinsights_sitenote_active":false,"_monsterinsights_sitenote_note":"","_monsterinsights_sitenote_category":0,"_joinchat":[]},"aioseo_notices":[],"_links":{"self":[{"href":"https:\/\/aincomex.com\/index.php\/wp-json\/wp\/v2\/pages\/961"}],"collection":[{"href":"https:\/\/aincomex.com\/index.php\/wp-json\/wp\/v2\/pages"}],"about":[{"href":"https:\/\/aincomex.com\/index.php\/wp-json\/wp\/v2\/types\/page"}],"author":[{"embeddable":true,"href":"https:\/\/aincomex.com\/index.php\/wp-json\/wp\/v2\/users\/1"}],"replies":[{"embeddable":true,"href":"https:\/\/aincomex.com\/index.php\/wp-json\/wp\/v2\/comments?post=961"}],"version-history":[{"count":66,"href":"https:\/\/aincomex.com\/index.php\/wp-json\/wp\/v2\/pages\/961\/revisions"}],"predecessor-version":[{"id":1306,"href":"https:\/\/aincomex.com\/index.php\/wp-json\/wp\/v2\/pages\/961\/revisions\/1306"}],"wp:attachment":[{"href":"https:\/\/aincomex.com\/index.php\/wp-json\/wp\/v2\/media?parent=961"}],"curies":[{"name":"wp","href":"https:\/\/api.w.org\/{rel}","templated":true}]}}